

{"id":1162,"date":"2024-06-19T15:30:04","date_gmt":"2024-06-19T15:30:04","guid":{"rendered":"https:\/\/www.now.timotours.com\/?page_id=1162"},"modified":"2026-04-24T20:07:55","modified_gmt":"2026-04-24T20:07:55","slug":"transport","status":"publish","type":"page","link":"https:\/\/www.now.timotours.com\/en\/transport\/","title":{"rendered":"transport"},"content":{"rendered":"<div data-elementor-type=\"wp-page\" data-elementor-id=\"1162\" class=\"elementor elementor-1162\">\n\t\t\t\t\t\t<section class=\"elementor-section elementor-top-section elementor-element elementor-element-19e61f9 elementor-section-height-min-height elementor-section-boxed elementor-section-height-default elementor-section-items-middle\" data-id=\"19e61f9\" data-element_type=\"section\" data-e-type=\"section\" data-settings=\"{&quot;background_background&quot;:&quot;classic&quot;}\">\n\t\t\t\t\t\t\t<div class=\"elementor-background-overlay\"><\/div>\n\t\t\t\t\t\t\t<div class=\"elementor-container elementor-column-gap-no\">\n\t\t\t\t\t<div class=\"elementor-column elementor-col-100 elementor-top-column elementor-element elementor-element-2b041f8\" data-id=\"2b041f8\" data-element_type=\"column\" data-e-type=\"column\">\n\t\t\t<div class=\"elementor-widget-wrap elementor-element-populated\">\n\t\t\t\t\t\t<div class=\"elementor-element elementor-element-ba977d5 elementor-widget elementor-widget-heading\" data-id=\"ba977d5\" data-element_type=\"widget\" data-e-type=\"widget\" data-widget_type=\"heading.default\">\n\t\t\t\t<div class=\"elementor-widget-container\">\n\t\t\t\t\t<h2 class=\"elementor-heading-title elementor-size-default\">transport<\/h2>\t\t\t\t<\/div>\n\t\t\t\t<\/div>\n\t\t\t\t<div class=\"elementor-element elementor-element-50acdd7 elementor-widget elementor-widget-heading\" data-id=\"50acdd7\" data-element_type=\"widget\" data-e-type=\"widget\" data-widget_type=\"heading.default\">\n\t\t\t\t<div class=\"elementor-widget-container\">\n\t\t\t\t\t<h2 class=\"elementor-heading-title elementor-size-default\">timo tours Ausfl\u00fcge<\/h2>\t\t\t\t<\/div>\n\t\t\t\t<\/div>\n\t\t\t\t\t<\/div>\n\t\t<\/div>\n\t\t\t\t\t<\/div>\n\t\t<\/section>\n\t\t\t\t<section class=\"elementor-section elementor-top-section elementor-element elementor-element-c6417c6 elementor-section-boxed elementor-section-height-default elementor-section-height-default\" data-id=\"c6417c6\" data-element_type=\"section\" data-e-type=\"section\">\n\t\t\t\t\t\t<div class=\"elementor-container elementor-column-gap-default\">\n\t\t\t\t\t<div class=\"elementor-column elementor-col-100 elementor-top-column elementor-element elementor-element-91ec5bb\" data-id=\"91ec5bb\" data-element_type=\"column\" data-e-type=\"column\">\n\t\t\t<div class=\"elementor-widget-wrap elementor-element-populated\">\n\t\t\t\t\t\t<div class=\"elementor-element elementor-element-5dec080 elementor-widget elementor-widget-html\" data-id=\"5dec080\" data-element_type=\"widget\" data-e-type=\"widget\" data-widget_type=\"html.default\">\n\t\t\t\t<div class=\"elementor-widget-container\">\n\t\t\t\t\t<div class=\"airport-transfer-prices\">\r\n\r\n<style>\r\n\/* ===== Scoped Styles (Safe for any website) ===== *\/\r\n.airport-transfer-prices {\r\n    font-family: Arial, sans-serif;\r\n    padding: 15px;\r\n    background: #ffffff;\r\n}\r\n\r\n.airport-transfer-prices h2 {\r\n    margin-bottom: 15px;\r\n}\r\n\r\n.airport-transfer-prices .table-container {\r\n    overflow-x: auto;\r\n}\r\n\r\n.airport-transfer-prices table {\r\n    width: 100%;\r\n    border-collapse: collapse;\r\n    background: #ffffff;\r\n}\r\n\r\n.airport-transfer-prices th,\r\n.airport-transfer-prices td {\r\n    padding: 10px;\r\n    border: 1px solid #ddd;\r\n    text-align: left;\r\n    white-space: nowrap;\r\n}\r\n\r\n.airport-transfer-prices th {\r\n    background: #F2810D;\r\n    color: #ffffff;\r\n}\r\n\r\n@media (max-width: 600px) {\r\n    .airport-transfer-prices th,\r\n    .airport-transfer-prices td {\r\n        padding: 8px;\r\n        font-size: 14px;\r\n    } \r\n}\r\n<\/style>\r\n\r\n<h2>Flughafentransfer Preise<\/h2>\r\n\r\n<div class=\"table-container\">\r\n<table class=\"dataframe\">\r\n<thead>\r\n<tr>\r\n    <th>Route<\/th>\r\n    <th>Limousine (2\u00d71)<\/th>\r\n    <th>Minibus (8\u00d71)<\/th>\r\n    <th>Coaster (14\u00d71)<\/th>\r\n<\/tr>\r\n<\/thead>\r\n\r\n<tbody>\r\n<tr><td>Hurghada \/ Flughafen<\/td><td>$14.89<\/td><td>$17.77<\/td><td>$28.62<\/td><\/tr>\r\n<tr><td>El Gouna - Sahl Hasheesh \/ Flughafen<\/td><td>$18.30<\/td><td>$20.74<\/td><td>$36.91<\/td><\/tr>\r\n<tr><td>Makadi \/ Flughafen<\/td><td>$19.57<\/td><td>$22.34<\/td><td>$39.15<\/td><\/tr>\r\n<tr><td>Safaga \/ Flughafen<\/td><td>$26.06<\/td><td>$28.62<\/td><td>$45.53<\/td><\/tr>\r\n<tr><td>Nefertari \/ Flughafen<\/td><td>$41.91<\/td><td>$46.38<\/td><td>$68.40<\/td><\/tr>\r\n<tr><td>Acacia (Quseir) \/ Flughafen<\/td><td>$56.28<\/td><td>$63.40<\/td><td>$96.49<\/td><\/tr>\r\n<tr><td>Nord Marsa Alam \/ Flughafen<\/td><td>$79.89<\/td><td>$88.94<\/td><td>$120.32<\/td><\/tr>\r\n<tr><td>S\u00fcd Marsa Alam \/ Hurghada Flughafen<\/td><td>$94.68<\/td><td>$105.53<\/td><td>$137.02<\/td><\/tr>\r\n<tr><td>Tiefes S\u00fcd-Marsa Alam \/ Hurghada Flughafen<\/td><td>$110.21<\/td><td>$121.70<\/td><td>$154.68<\/td><\/tr>\r\n<tr><td>Marsa Alam Nord Ankunft\/Abfahrt<\/td><td>$101.91<\/td><td>$112.55<\/td><td>$135.64<\/td><\/tr>\r\n<tr><td>Marsa Alam S\u00fcd Ankunft\/Abfahrt<\/td><td>$126.06<\/td><td>$140.32<\/td><td>$170.11<\/td><\/tr>\r\n<tr><td>Hamata \/ Hurghada Flughafen<\/td><td>$126.06<\/td><td>$140.32<\/td><td>$166.38<\/td><\/tr>\r\n<tr><td>Alf Leila Stadttour \/ Hurghada<\/td><td>$29.04<\/td><td>$31.81<\/td><td>$51.70<\/td><\/tr>\r\n<tr><td>Alf Leila Stadttour \/ El Gouna - Sahl Hasheesh<\/td><td>$37.13<\/td><td>$41.49<\/td><td>$73.62<\/td><\/tr>\r\n<tr><td>Alf Leila Stadttour \/ Makadi<\/td><td>$39.79<\/td><td>$44.36<\/td><td>$77.45<\/td><\/tr>\r\n<tr><td>Alf Leila Stadttour \/ Safaga oder Soma Bay<\/td><td>$51.28<\/td><td>$57.34<\/td><td>$88.72<\/td><\/tr>\r\n<tr><td>Meeresausflug \/ Hurghada<\/td><td>$29.04<\/td><td>$31.60<\/td><td>$51.70<\/td><\/tr>\r\n<tr><td>Meeresausflug \/ El Gouna - Sahl Hasheesh<\/td><td>$37.13<\/td><td>$41.49<\/td><td>$73.62<\/td><\/tr>\r\n<tr><td>Meeresausflug \/ Makadi<\/td><td>$39.68<\/td><td>$44.36<\/td><td>$77.45<\/td><\/tr>\r\n<tr><td>Meeresausflug \/ Safaga oder Soma Bay<\/td><td>$51.28<\/td><td>$57.34<\/td><td>$88.72<\/td><\/tr>\r\n<tr><td>Assuan Transfer<\/td><td>$154.04<\/td><td>$171.49<\/td><td>$254.26<\/td><\/tr>\r\n<tr><td>Luxor Transfer<\/td><td>$99.26<\/td><td>$110.32<\/td><td>$171.49<\/td><\/tr>\r\n<tr><td>Kairo Transfer<\/td><td>$156.06<\/td><td>$172.98<\/td><td>$264.68<\/td><\/tr>\r\n<tr><td>Safaga-Makadi-Hurghada \/ Luxor Tagesausflug<\/td><td>$126.17<\/td><td>$142.77<\/td><td>$199.68<\/td><\/tr>\r\n<tr><td>El Gouna - Sahl Hasheesh \/ Luxor Tagesausflug<\/td><td>$144.68<\/td><td>$163.51<\/td><td>$236.60<\/td><\/tr>\r\n<tr><td>Zafarana \/ Kl\u00f6ster Tagesausflug<\/td><td>$126.17<\/td><td>$142.77<\/td><td>$199.68<\/td><\/tr>\r\n<tr><td>El Gouna - Hurghada \/ Kairo Tagesausflug<\/td><td>$173.94<\/td><td>$193.62<\/td><td>$285.43<\/td><\/tr>\r\n<tr><td>Makadi \/ Kairo Tagesausflug<\/td><td>$193.51<\/td><td>$215.96<\/td><td>$324.47<\/td><\/tr>\r\n<tr><td>Sahl Hasheesh \/ Kairo Tagesausflug<\/td><td>$192.34<\/td><td>$214.36<\/td><td>$322.34<\/td><\/tr>\r\n<tr><td>Safaga \/ Kairo Tagesausflug<\/td><td>$200.00<\/td><td>$222.34<\/td><td>$330.85<\/td><\/tr>\r\n<tr><td>Abydos - Dendera<\/td><td>$173.94<\/td><td>$193.62<\/td><td>$285.43<\/td><\/tr>\r\n<tr><td>Assuan Tagesausflug<\/td><td>$181.70<\/td><td>$203.83<\/td><td>$298.51<\/td><\/tr>\r\n<tr><td>Alexandria \u00dcbernachtung<\/td><td>$264.68<\/td><td>$293.19<\/td><td>$441.17<\/td><\/tr>\r\n<tr><td>\u00dcbernachtung<\/td><td>$74.47<\/td><td>$80.53<\/td><td>$98.09<\/td><\/tr>\r\n<\/tbody>\r\n<\/table>\r\n<\/div>\r\n\r\n<\/div>\t\t\t\t<\/div>\n\t\t\t\t<\/div>\n\t\t\t\t<div class=\"elementor-element elementor-element-39d86e7 elementor-widget elementor-widget-shortcode\" data-id=\"39d86e7\" data-element_type=\"widget\" data-e-type=\"widget\" data-widget_type=\"shortcode.default\">\n\t\t\t\t<div class=\"elementor-widget-container\">\n\t\t\t\t\t\t\t<div class=\"elementor-shortcode\">\n<div class=\"wpcf7 no-js\" id=\"wpcf7-f1161-o1\" lang=\"en-US\" dir=\"ltr\" data-wpcf7-id=\"1161\">\n<div class=\"screen-reader-response\"><p role=\"status\" aria-live=\"polite\" aria-atomic=\"true\"><\/p> <ul><\/ul><\/div>\n<form action=\"\/en\/wp-json\/wp\/v2\/pages\/1162#wpcf7-f1161-o1\" method=\"post\" class=\"wpcf7-form init\" aria-label=\"Contact form\" novalidate=\"novalidate\" data-status=\"init\" data-trp-original-action=\"\/en\/wp-json\/wp\/v2\/pages\/1162#wpcf7-f1161-o1\">\n<fieldset class=\"hidden-fields-container\"><input type=\"hidden\" name=\"_wpcf7\" value=\"1161\" \/><input type=\"hidden\" name=\"_wpcf7_version\" value=\"6.1.5\" \/><input type=\"hidden\" name=\"_wpcf7_locale\" value=\"en_US\" \/><input type=\"hidden\" name=\"_wpcf7_unit_tag\" value=\"wpcf7-f1161-o1\" \/><input type=\"hidden\" name=\"_wpcf7_container_post\" value=\"0\" \/><input type=\"hidden\" name=\"_wpcf7_posted_data_hash\" value=\"\" \/>\n<\/fieldset>\n<div class=\"row g-4 mb-60\">\n\n  <div class=\"col-md-6\">\n    <div class=\"form-inner\">\n      <label>Vollst\u00e4ndiger Name<\/label>\n      <span class=\"wpcf7-form-control-wrap\" data-name=\"full-name\"><input size=\"40\" maxlength=\"400\" class=\"wpcf7-form-control wpcf7-text wpcf7-validates-as-required\" aria-required=\"true\" aria-invalid=\"false\" placeholder=\"Max Mustermann\" value=\"\" type=\"text\" name=\"full-name\" \/><\/span>\n    <\/div>\n  <\/div>\n\n  <div class=\"col-md-6\">\n    <div class=\"form-inner\">\n      <label>E-mail address<\/label>\n      <span class=\"wpcf7-form-control-wrap\" data-name=\"email\"><input size=\"40\" maxlength=\"400\" class=\"wpcf7-form-control wpcf7-email wpcf7-validates-as-required wpcf7-text wpcf7-validates-as-email\" aria-required=\"true\" aria-invalid=\"false\" placeholder=\"mail@email.com\" value=\"\" type=\"email\" name=\"email\" \/><\/span>\n    <\/div>\n  <\/div>\n\n  <div class=\"col-md-6\">\n    <div class=\"form-inner\">\n      <label>WhatsApp \/ Telefon<\/label>\n      <span class=\"wpcf7-form-control-wrap\" data-name=\"phone\"><input size=\"40\" maxlength=\"400\" class=\"wpcf7-form-control wpcf7-text wpcf7-validates-as-required\" aria-required=\"true\" aria-invalid=\"false\" placeholder=\"+20 123 456 789\" value=\"\" type=\"text\" name=\"phone\" \/><\/span>\n    <\/div>\n  <\/div>\n\n  <div class=\"col-md-6\">\n    <div class=\"form-inner\">\n      <label>Anzahl der Personen<\/label>\n      <span class=\"wpcf7-form-control-wrap\" data-name=\"people\"><input class=\"wpcf7-form-control wpcf7-number wpcf7-validates-as-required wpcf7-validates-as-number\" min=\"1\" aria-required=\"true\" aria-invalid=\"false\" placeholder=\"2\" value=\"\" type=\"number\" name=\"people\" \/><\/span>\n    <\/div>\n  <\/div>\n\n  <div class=\"col-md-6\">\n    <div class=\"form-inner\">\n      <label>Abholort<\/label>\n      <span class=\"wpcf7-form-control-wrap\" data-name=\"pickup\"><input size=\"40\" maxlength=\"400\" class=\"wpcf7-form-control wpcf7-text wpcf7-validates-as-required\" aria-required=\"true\" aria-invalid=\"false\" placeholder=\"Hotel oder Flughafen\" value=\"\" type=\"text\" name=\"pickup\" \/><\/span>\n    <\/div>\n  <\/div>\n\n  <div class=\"col-md-6\">\n    <div class=\"form-inner\">\n      <label>Zielort<\/label>\n      <span class=\"wpcf7-form-control-wrap\" data-name=\"dropoff\"><input size=\"40\" maxlength=\"400\" class=\"wpcf7-form-control wpcf7-text wpcf7-validates-as-required\" aria-required=\"true\" aria-invalid=\"false\" placeholder=\"Zielort\" value=\"\" type=\"text\" name=\"dropoff\" \/><\/span>\n    <\/div>\n  <\/div>\n\n  <!-- ROUTE (MD-6) -->\n  <div class=\"col-md-6\">\n    <div class=\"form-inner\">\n      <label>Route ausw\u00e4hlen<\/label>\n      <span class=\"wpcf7-form-control-wrap\" data-name=\"route\"><select class=\"wpcf7-form-control wpcf7-select wpcf7-validates-as-required route-select\" aria-required=\"true\" aria-invalid=\"false\" name=\"route\"><option value=\"\">&#8212;Please choose an option&#8212;<\/option><option value=\"Hurghada \/ Flughafen\">Hurghada \/ Flughafen<\/option><option value=\"El Gouna - Sahl Hasheesh \/ Flughafen\">El Gouna - Sahl Hasheesh \/ Flughafen<\/option><option value=\"Makadi \/ Flughafen\">Makadi \/ Flughafen<\/option><option value=\"Safaga \/ Flughafen\">Safaga \/ Flughafen<\/option><option value=\"Nefertari \/ Flughafen\">Nefertari \/ Flughafen<\/option><option value=\"Acacia (Quseir) \/ Flughafen\">Acacia (Quseir) \/ Flughafen<\/option><option value=\"Nord Marsa Alam \/ Flughafen\">Nord Marsa Alam \/ Flughafen<\/option><option value=\"Luxor Transfer\">Luxor Transfer<\/option><option value=\"Kairo Transfer\">Kairo Transfer<\/option><option value=\"Alexandria \u00dcbernachtung\">Alexandria \u00dcbernachtung<\/option><option value=\"\u00dcbernachtung\">\u00dcbernachtung<\/option><\/select><\/span>\n    <\/div>\n  <\/div>\n\n  <!-- TRIP TYPE (MD-6) -->\n  <div class=\"col-md-6\">\n    <div class=\"form-inner\">\n      <label>Fahrtart<\/label>\n      <span class=\"wpcf7-form-control-wrap\" data-name=\"trip_type\"><select class=\"wpcf7-form-control wpcf7-select wpcf7-validates-as-required\" aria-required=\"true\" aria-invalid=\"false\" name=\"trip_type\"><option value=\"\">&#8212;Please choose an option&#8212;<\/option><option value=\"Einfache Fahrt\">Einfache Fahrt<\/option><option value=\"Hin- und R\u00fcckfahrt\">Hin- und R\u00fcckfahrt<\/option><\/select><\/span>\n    <\/div>\n  <\/div>\n\n  <div class=\"col-md-12\">\n    <div class=\"form-inner\">\n      <input class=\"wpcf7-form-control wpcf7-submit has-spinner btn-primary\" type=\"submit\" value=\"Buchung senden\" \/>\n    <\/div>\n  <\/div>\n\n<\/div><div class=\"wpcf7-response-output\" aria-hidden=\"true\"><\/div>\n<input type=\"hidden\" name=\"trp-form-language\" value=\"en\"\/><\/form>\n<\/div>\n<\/div>\n\t\t\t\t\t\t<\/div>\n\t\t\t\t<\/div>\n\t\t\t\t\t<\/div>\n\t\t<\/div>\n\t\t\t\t\t<\/div>\n\t\t<\/section>\n\t\t\t\t<\/div>","protected":false},"excerpt":{"rendered":"<p>Transport timo tours Ausfl\u00fcge Flughafentransfer Preise Route Limousine (2\u00d71) Minibus (8\u00d71) Coaster (14\u00d71) Hurghada \/ Flughafen $14.89 $17.77 $28.62 El Gouna &#8211; Sahl Hasheesh \/ Flughafen $18.30 $20.74 $36.91 Makadi \/ Flughafen $19.57 $22.34 $39.15 Safaga \/ Flughafen $26.06 $28.62 $45.53 Nefertari \/ Flughafen $41.91 $46.38 $68.40 Acacia (Quseir) \/ Flughafen $56.28 $63.40 $96.49 Nord [&hellip;]<\/p>\n","protected":false},"author":3,"featured_media":0,"parent":0,"menu_order":0,"comment_status":"closed","ping_status":"closed","template":"elementor_header_footer","meta":{"footnotes":""},"class_list":["post-1162","page","type-page","status-publish","hentry"],"_links":{"self":[{"href":"https:\/\/www.now.timotours.com\/en\/wp-json\/wp\/v2\/pages\/1162","targetHints":{"allow":["GET"]}}],"collection":[{"href":"https:\/\/www.now.timotours.com\/en\/wp-json\/wp\/v2\/pages"}],"about":[{"href":"https:\/\/www.now.timotours.com\/en\/wp-json\/wp\/v2\/types\/page"}],"author":[{"embeddable":true,"href":"https:\/\/www.now.timotours.com\/en\/wp-json\/wp\/v2\/users\/3"}],"replies":[{"embeddable":true,"href":"https:\/\/www.now.timotours.com\/en\/wp-json\/wp\/v2\/comments?post=1162"}],"version-history":[{"count":6,"href":"https:\/\/www.now.timotours.com\/en\/wp-json\/wp\/v2\/pages\/1162\/revisions"}],"predecessor-version":[{"id":4492,"href":"https:\/\/www.now.timotours.com\/en\/wp-json\/wp\/v2\/pages\/1162\/revisions\/4492"}],"wp:attachment":[{"href":"https:\/\/www.now.timotours.com\/en\/wp-json\/wp\/v2\/media?parent=1162"}],"curies":[{"name":"wp","href":"https:\/\/api.w.org\/{rel}","templated":true}]}}