

{"id":611,"date":"2024-06-08T13:44:07","date_gmt":"2024-06-08T13:44:07","guid":{"rendered":"https:\/\/www.now.timotours.com\/?page_id=611"},"modified":"2026-04-24T20:11:49","modified_gmt":"2026-04-24T20:11:49","slug":"wer-sind-wir","status":"publish","type":"page","link":"https:\/\/www.now.timotours.com\/en\/wer-sind-wir\/","title":{"rendered":"about Us"},"content":{"rendered":"<div data-elementor-type=\"wp-page\" data-elementor-id=\"611\" class=\"elementor elementor-611\">\n\t\t\t\t\t\t<section class=\"elementor-section elementor-top-section elementor-element elementor-element-5b9de4b elementor-section-height-min-height elementor-section-boxed elementor-section-height-default elementor-section-items-middle\" data-id=\"5b9de4b\" data-element_type=\"section\" data-e-type=\"section\" data-settings=\"{&quot;background_background&quot;:&quot;classic&quot;}\">\n\t\t\t\t\t\t\t<div class=\"elementor-background-overlay\"><\/div>\n\t\t\t\t\t\t\t<div class=\"elementor-container elementor-column-gap-no\">\n\t\t\t\t\t<div class=\"elementor-column elementor-col-100 elementor-top-column elementor-element elementor-element-aaeaef7\" data-id=\"aaeaef7\" data-element_type=\"column\" data-e-type=\"column\">\n\t\t\t<div class=\"elementor-widget-wrap elementor-element-populated\">\n\t\t\t\t\t\t<div class=\"elementor-element elementor-element-7c5a9ab elementor-widget elementor-widget-heading\" data-id=\"7c5a9ab\" data-element_type=\"widget\" data-e-type=\"widget\" data-widget_type=\"heading.default\">\n\t\t\t\t<div class=\"elementor-widget-container\">\n\t\t\t\t\t<h2 class=\"elementor-heading-title elementor-size-default\">About Us<\/h2>\t\t\t\t<\/div>\n\t\t\t\t<\/div>\n\t\t\t\t<div class=\"elementor-element elementor-element-5fcc0f4 elementor-widget elementor-widget-heading\" data-id=\"5fcc0f4\" data-element_type=\"widget\" data-e-type=\"widget\" data-widget_type=\"heading.default\">\n\t\t\t\t<div class=\"elementor-widget-container\">\n\t\t\t\t\t<h2 class=\"elementor-heading-title elementor-size-default\">timo tours Ausfl\u00fcge<\/h2>\t\t\t\t<\/div>\n\t\t\t\t<\/div>\n\t\t\t\t\t<\/div>\n\t\t<\/div>\n\t\t\t\t\t<\/div>\n\t\t<\/section>\n\t\t\t\t<section class=\"elementor-section elementor-top-section elementor-element elementor-element-6922f8a elementor-section-boxed elementor-section-height-default elementor-section-height-default\" data-id=\"6922f8a\" data-element_type=\"section\" data-e-type=\"section\">\n\t\t\t\t\t\t<div class=\"elementor-container elementor-column-gap-default\">\n\t\t\t\t\t<div class=\"elementor-column elementor-col-100 elementor-top-column elementor-element elementor-element-46d9dca\" data-id=\"46d9dca\" data-element_type=\"column\" data-e-type=\"column\">\n\t\t\t<div class=\"elementor-widget-wrap elementor-element-populated\">\n\t\t\t\t\t\t<div class=\"elementor-element elementor-element-7b650ca elementor-widget elementor-widget-heading\" data-id=\"7b650ca\" data-element_type=\"widget\" data-e-type=\"widget\" data-widget_type=\"heading.default\">\n\t\t\t\t<div class=\"elementor-widget-container\">\n\t\t\t\t\t<h1 class=\"elementor-heading-title elementor-size-default\">\u00dcber uns :  timo tours Ausfl\u00fcge<\/h1>\t\t\t\t<\/div>\n\t\t\t\t<\/div>\n\t\t\t\t<div class=\"elementor-element elementor-element-31bd570 elementor-widget elementor-widget-text-editor\" data-id=\"31bd570\" data-element_type=\"widget\" data-e-type=\"widget\" data-widget_type=\"text-editor.default\">\n\t\t\t\t<div class=\"elementor-widget-container\">\n\t\t\t\t\t\t\t\t\t<p data-start=\"39\" data-end=\"542\">Wir sind erfahrene \u00e4gyptische Reisef\u00fchrer mit einer klaren Vision: Reisen in <span class=\"hover:entity-accent entity-underline inline cursor-pointer align-baseline\"><span class=\"whitespace-normal\">Egypt<\/span><\/span> pers\u00f6nlicher, authentischer und fairer zu gestalten. Nach vielen Jahren in der Tourismusbranche haben wir uns immer wieder gefragt, warum klassische Reiseprogramme oft nur die gleichen Orte abdecken, wenig flexibel sind und selten das echte \u00c4gypten zeigen. Genau daraus entstand unsere Idee \u2013 ein Reiseerlebnis zu schaffen, das individuell, gut organisiert und gleichzeitig bezahlbar ist.<\/p>\t\t\t\t\t\t\t\t<\/div>\n\t\t\t\t<\/div>\n\t\t\t\t\t<\/div>\n\t\t<\/div>\n\t\t\t\t\t<\/div>\n\t\t<\/section>\n\t\t\t\t<section class=\"elementor-section elementor-top-section elementor-element elementor-element-f159f48 elementor-section-boxed elementor-section-height-default elementor-section-height-default\" data-id=\"f159f48\" data-element_type=\"section\" data-e-type=\"section\">\n\t\t\t\t\t\t<div class=\"elementor-container elementor-column-gap-default\">\n\t\t\t\t\t<div class=\"elementor-column elementor-col-50 elementor-top-column elementor-element elementor-element-1b5ab23\" data-id=\"1b5ab23\" data-element_type=\"column\" data-e-type=\"column\" data-settings=\"{&quot;background_background&quot;:&quot;classic&quot;}\">\n\t\t\t<div class=\"elementor-widget-wrap elementor-element-populated\">\n\t\t\t\t\t\t<div class=\"elementor-element elementor-element-ed509a8 elementor-widget elementor-widget-heading\" data-id=\"ed509a8\" data-element_type=\"widget\" data-e-type=\"widget\" data-widget_type=\"heading.default\">\n\t\t\t\t<div class=\"elementor-widget-container\">\n\t\t\t\t\t<h1 class=\"elementor-heading-title elementor-size-default\">Unsere Philosophie<\/h1>\t\t\t\t<\/div>\n\t\t\t\t<\/div>\n\t\t\t\t<div class=\"elementor-element elementor-element-f36c3c4 elementor-widget elementor-widget-text-editor\" data-id=\"f36c3c4\" data-element_type=\"widget\" data-e-type=\"widget\" data-widget_type=\"text-editor.default\">\n\t\t\t\t<div class=\"elementor-widget-container\">\n\t\t\t\t\t\t\t\t\t<p>Wir m\u00f6chten Ihnen nicht nur Sehensw\u00fcrdigkeiten zeigen, sondern echte Einblicke in unser Land geben. Abseits vom Massentourismus erleben Sie mit uns die Vielfalt \u00c4gyptens \u2013 von versteckten Orten bis hin zu authentischer Kultur und frisch zubereiteten lokalen Spezialit\u00e4ten. Qualit\u00e4t steht bei uns immer vor Quantit\u00e4t: Wir arbeiten ausschlie\u00dflich mit zuverl\u00e4ssigen Partnern und legen gro\u00dfen Wert auf P\u00fcnktlichkeit, Ehrlichkeit, Transparenz und faire Preise.<\/p>\t\t\t\t\t\t\t\t<\/div>\n\t\t\t\t<\/div>\n\t\t\t\t\t<\/div>\n\t\t<\/div>\n\t\t\t\t<div class=\"elementor-column elementor-col-50 elementor-top-column elementor-element elementor-element-fce6450\" data-id=\"fce6450\" data-element_type=\"column\" data-e-type=\"column\" data-settings=\"{&quot;background_background&quot;:&quot;classic&quot;}\">\n\t\t\t<div class=\"elementor-widget-wrap elementor-element-populated\">\n\t\t\t\t\t\t<div class=\"elementor-element elementor-element-98499be elementor-widget elementor-widget-heading\" data-id=\"98499be\" data-element_type=\"widget\" data-e-type=\"widget\" data-widget_type=\"heading.default\">\n\t\t\t\t<div class=\"elementor-widget-container\">\n\t\t\t\t\t<h1 class=\"elementor-heading-title elementor-size-default\">Unser Team<\/h1>\t\t\t\t<\/div>\n\t\t\t\t<\/div>\n\t\t\t\t<div class=\"elementor-element elementor-element-a0dfd81 elementor-widget elementor-widget-text-editor\" data-id=\"a0dfd81\" data-element_type=\"widget\" data-e-type=\"widget\" data-widget_type=\"text-editor.default\">\n\t\t\t\t<div class=\"elementor-widget-container\">\n\t\t\t\t\t\t\t\t\t<p data-start=\"1057\" data-end=\"1475\">Unser Team besteht aus hochqualifizierten, deutschsprachigen Reiseleitern mit langj\u00e4hriger Erfahrung. Mit Leidenschaft und Fachwissen bringen wir Ihnen die faszinierende Geschichte und Kultur \u00c4gyptens n\u00e4her \u2013 von der Antike bis zur modernen Zeit. \u00dcber 20 Jahre Erfahrung im Tourismus haben uns gepr\u00e4gt und zu einem starken, stetig wachsenden Anbieter gemacht, der sich st\u00e4ndig weiterentwickelt und neue Ma\u00dfst\u00e4be setzt.<\/p>\t\t\t\t\t\t\t\t<\/div>\n\t\t\t\t<\/div>\n\t\t\t\t\t<\/div>\n\t\t<\/div>\n\t\t\t\t\t<\/div>\n\t\t<\/section>\n\t\t\t\t<section class=\"elementor-section elementor-top-section elementor-element elementor-element-a19cbfa elementor-section-boxed elementor-section-height-default elementor-section-height-default\" data-id=\"a19cbfa\" data-element_type=\"section\" data-e-type=\"section\">\n\t\t\t\t\t\t<div class=\"elementor-container elementor-column-gap-default\">\n\t\t\t\t\t<div class=\"elementor-column elementor-col-100 elementor-top-column elementor-element elementor-element-b2194d1\" data-id=\"b2194d1\" data-element_type=\"column\" data-e-type=\"column\">\n\t\t\t<div class=\"elementor-widget-wrap elementor-element-populated\">\n\t\t\t\t\t\t<div class=\"elementor-element elementor-element-0664045 elementor-widget elementor-widget-heading\" data-id=\"0664045\" data-element_type=\"widget\" data-e-type=\"widget\" data-widget_type=\"heading.default\">\n\t\t\t\t<div class=\"elementor-widget-container\">\n\t\t\t\t\t<h1 class=\"elementor-heading-title elementor-size-default\">Unsere Angebote<\/h1>\t\t\t\t<\/div>\n\t\t\t\t<\/div>\n\t\t\t\t<div class=\"elementor-element elementor-element-21d73c5 elementor-widget elementor-widget-text-editor\" data-id=\"21d73c5\" data-element_type=\"widget\" data-e-type=\"widget\" data-widget_type=\"text-editor.default\">\n\t\t\t\t<div class=\"elementor-widget-container\">\n\t\t\t\t\t\t\t\t\t<p data-start=\"1506\" data-end=\"2003\">Wir bieten Ihnen eine gro\u00dfe Auswahl an individuell gestaltbaren Touren in ganz \u00c4gypten. Besonders beliebt sind unsere Tagesausfl\u00fcge ab <span class=\"hover:entity-accent entity-underline inline cursor-pointer align-baseline\"><span class=\"whitespace-normal\">Hurghada<\/span><\/span>, <span class=\"hover:entity-accent entity-underline inline cursor-pointer align-baseline\"><span class=\"whitespace-normal\">El Gouna<\/span><\/span>, <span class=\"hover:entity-accent entity-underline inline cursor-pointer align-baseline\"><span class=\"whitespace-normal\">Makadi Bay<\/span><\/span>, <span class=\"hover:entity-accent entity-underline inline cursor-pointer align-baseline\"><span class=\"whitespace-normal\">Safaga<\/span><\/span> und <span class=\"hover:entity-accent entity-underline inline cursor-pointer align-baseline\"><span class=\"whitespace-normal\">Marsa Alam<\/span><\/span> nach Kairo und Luxor. Dar\u00fcber hinaus organisieren wir exklusive Nilkreuzfahrten zwischen Luxor und Assuan sowie ma\u00dfgeschneiderte Erlebnisse ganz nach Ihren W\u00fcnschen.<\/p>\t\t\t\t\t\t\t\t<\/div>\n\t\t\t\t<\/div>\n\t\t\t\t\t<\/div>\n\t\t<\/div>\n\t\t\t\t\t<\/div>\n\t\t<\/section>\n\t\t\t\t<section class=\"elementor-section elementor-top-section elementor-element elementor-element-6e0a8ce elementor-section-boxed elementor-section-height-default elementor-section-height-default\" data-id=\"6e0a8ce\" data-element_type=\"section\" data-e-type=\"section\">\n\t\t\t\t\t\t<div class=\"elementor-container elementor-column-gap-default\">\n\t\t\t\t\t<div class=\"elementor-column elementor-col-50 elementor-top-column elementor-element elementor-element-11b7c8c\" data-id=\"11b7c8c\" data-element_type=\"column\" data-e-type=\"column\">\n\t\t\t<div class=\"elementor-widget-wrap elementor-element-populated\">\n\t\t\t\t\t\t<div class=\"elementor-element elementor-element-2bac4b4 elementor-widget elementor-widget-image\" data-id=\"2bac4b4\" data-element_type=\"widget\" data-e-type=\"widget\" data-widget_type=\"image.default\">\n\t\t\t\t<div class=\"elementor-widget-container\">\n\t\t\t\t\t\t\t\t\t\t\t\t\t\t\t<img fetchpriority=\"high\" decoding=\"async\" width=\"1200\" height=\"1600\" src=\"https:\/\/www.now.timotours.com\/wp-content\/uploads\/2026\/04\/dc4dafb9-4368-489a-ae63-2c2fa37a7b08.jpg\" class=\"attachment-full size-full wp-image-4475\" alt=\"\" srcset=\"https:\/\/www.now.timotours.com\/wp-content\/uploads\/2026\/04\/dc4dafb9-4368-489a-ae63-2c2fa37a7b08.jpg 1200w, https:\/\/www.now.timotours.com\/wp-content\/uploads\/2026\/04\/dc4dafb9-4368-489a-ae63-2c2fa37a7b08-768x1024.jpg 768w, https:\/\/www.now.timotours.com\/wp-content\/uploads\/2026\/04\/dc4dafb9-4368-489a-ae63-2c2fa37a7b08-9x12.jpg 9w\" sizes=\"(max-width: 1200px) 100vw, 1200px\" \/>\t\t\t\t\t\t\t\t\t\t\t\t\t\t\t<\/div>\n\t\t\t\t<\/div>\n\t\t\t\t\t<\/div>\n\t\t<\/div>\n\t\t\t\t<div class=\"elementor-column elementor-col-50 elementor-top-column elementor-element elementor-element-d8bb91d\" data-id=\"d8bb91d\" data-element_type=\"column\" data-e-type=\"column\">\n\t\t\t<div class=\"elementor-widget-wrap elementor-element-populated\">\n\t\t\t\t\t\t<div class=\"elementor-element elementor-element-e2b5212 elementor-widget elementor-widget-heading\" data-id=\"e2b5212\" data-element_type=\"widget\" data-e-type=\"widget\" data-widget_type=\"heading.default\">\n\t\t\t\t<div class=\"elementor-widget-container\">\n\t\t\t\t\t<h1 class=\"elementor-heading-title elementor-size-default\">Unsere Werte<\/h1>\t\t\t\t<\/div>\n\t\t\t\t<\/div>\n\t\t\t\t<div class=\"elementor-element elementor-element-af899fa elementor-widget elementor-widget-text-editor\" data-id=\"af899fa\" data-element_type=\"widget\" data-e-type=\"widget\" data-widget_type=\"text-editor.default\">\n\t\t\t\t<div class=\"elementor-widget-container\">\n\t\t\t\t\t\t\t\t\t<p data-start=\"2031\" data-end=\"2304\">Die Zufriedenheit unserer G\u00e4ste steht im Mittelpunkt unseres Handelns. Wir beraten Sie ehrlich, individuell und mit viel Engagement. Unser Ziel ist nicht der kurzfristige Erfolg, sondern langfristige Beziehungen und unvergessliche Erlebnisse, die Sie gerne weiterempfehlen.<\/p><p data-start=\"2306\" data-end=\"2327\"><strong data-start=\"2306\" data-end=\"2327\">Daf\u00fcr stehen wir:<\/strong><\/p><p data-start=\"2329\" data-end=\"2596\">\u2713 Keine Verkaufsfahrten oder versteckte Programme<br data-start=\"2378\" data-end=\"2381\" \/>\u2713 Faire und transparente Preise<br data-start=\"2412\" data-end=\"2415\" \/>\u2713 Hohe Servicequalit\u00e4t<br data-start=\"2437\" data-end=\"2440\" \/>\u2713 Maximale Flexibilit\u00e4t<br data-start=\"2463\" data-end=\"2466\" \/>\u2713 Pers\u00f6nliche Betreuung und Zeit f\u00fcr Sie<br data-start=\"2506\" data-end=\"2509\" \/>\u2713 Individuelle Planung nach Ihren W\u00fcnschen<br data-start=\"2551\" data-end=\"2554\" \/>\u2713 Unvergessliche Erinnerungen f\u00fcrs Leben<\/p>\t\t\t\t\t\t\t\t<\/div>\n\t\t\t\t<\/div>\n\t\t\t\t\t<\/div>\n\t\t<\/div>\n\t\t\t\t\t<\/div>\n\t\t<\/section>\n\t\t\t\t<\/div>","protected":false},"excerpt":{"rendered":"<p>\u00dcber uns timo tours Ausfl\u00fcge \u00dcber uns : timo tours Ausfl\u00fcge Wir sind erfahrene \u00e4gyptische Reisef\u00fchrer mit einer klaren Vision: Reisen in Egypt pers\u00f6nlicher, authentischer und fairer zu gestalten. Nach vielen Jahren in der Tourismusbranche haben wir uns immer wieder gefragt, warum klassische Reiseprogramme oft nur die gleichen Orte abdecken, wenig flexibel sind und selten [&hellip;]<\/p>\n","protected":false},"author":3,"featured_media":0,"parent":0,"menu_order":0,"comment_status":"closed","ping_status":"closed","template":"elementor_header_footer","meta":{"footnotes":""},"class_list":["post-611","page","type-page","status-publish","hentry"],"_links":{"self":[{"href":"https:\/\/www.now.timotours.com\/en\/wp-json\/wp\/v2\/pages\/611","targetHints":{"allow":["GET"]}}],"collection":[{"href":"https:\/\/www.now.timotours.com\/en\/wp-json\/wp\/v2\/pages"}],"about":[{"href":"https:\/\/www.now.timotours.com\/en\/wp-json\/wp\/v2\/types\/page"}],"author":[{"embeddable":true,"href":"https:\/\/www.now.timotours.com\/en\/wp-json\/wp\/v2\/users\/3"}],"replies":[{"embeddable":true,"href":"https:\/\/www.now.timotours.com\/en\/wp-json\/wp\/v2\/comments?post=611"}],"version-history":[{"count":10,"href":"https:\/\/www.now.timotours.com\/en\/wp-json\/wp\/v2\/pages\/611\/revisions"}],"predecessor-version":[{"id":4501,"href":"https:\/\/www.now.timotours.com\/en\/wp-json\/wp\/v2\/pages\/611\/revisions\/4501"}],"wp:attachment":[{"href":"https:\/\/www.now.timotours.com\/en\/wp-json\/wp\/v2\/media?parent=611"}],"curies":[{"name":"wp","href":"https:\/\/api.w.org\/{rel}","templated":true}]}}